 {"id":1432,"date":"2021-02-17T13:47:01","date_gmt":"2021-02-17T11:47:01","guid":{"rendered":"https:\/\/kinesis.teak.fi\/lukianos\/?page_id=1432"},"modified":"2021-02-17T13:47:02","modified_gmt":"2021-02-17T11:47:02","slug":"lahteet","status":"publish","type":"page","link":"https:\/\/kinesis.teak.fi\/lukianos\/lahteet\/","title":{"rendered":"L\u00e4hteet"},"content":{"rendered":"\n<p>L\u00e4hdeluettelossa mainitaan antiikin kirjallisista l\u00e4hteist\u00e4 teostiedot ainoastaan niist\u00e4 teoksista, joissa olen siteerannut tietty\u00e4 suomennosta. Muut antiikin l\u00e4hteet on mainittu luettelona varsinaisen kirjallisuusluettelon j\u00e4lkeen.<\/p>\n\n\n\n<p>Lukianoksen <em>Peri orkh\u0113se\u014ds<\/em> suomennoksen pohjana olen k\u00e4ytt\u00e4nyt alkukielist\u00e4 teksti\u00e4, joka on julkaistu Loeb Classical Library -sarjassa:<\/p>\n\n\n\n<p><em>Lucian in eight volumes<\/em>, vol. V. 1936. K\u00e4\u00e4nt\u00e4nyt (eng.) A. M. Harmon. Lontoo: Heinemann. Se on vapaasti luettavissa osoitteessa: <a href=\"http:\/\/www.perseus.tufts.edu\/hopper\/text?doc=Perseus%253Atext%253A2008.01.0464%253Asection%253D1\" target=\"_blank\" rel=\"noreferrer noopener\">http:\/\/www.perseus.tufts.edu\/hopper\/text?doc=Perseus%3Atext%3A2008.01.0464%3Asection%3D1<\/a><\/p>\n\n\n\n<h2 class=\"wp-block-heading\">Tutkimuskirjallisuus<\/h2>\n\n\n\n<p>Baumbach, Manuel &amp; von M\u00f6llendorff, Peter. 2017. <em>Ein literarischer Prometheus. Lukian aus Samosata und die Zweite Sophistik<\/em>. Heidelberg: Universit\u00e4tsverlag Winter.<\/p>\n\n\n\n<p>Castr\u00e9n, Paavo &amp; Pietil\u00e4-Castr\u00e9n, Leena. 2000. <em>Antiikin k\u00e4sikirja<\/em>. Helsinki: Otava.<\/p>\n\n\n\n<p>Dunbabin, Katherine M. D. 2010. \u201dThe pantomime Theonoe on a mosaic from Zeugma.\u201d <em>Journal of Roman Archaeology<\/em> 23: 413\u2013426.<\/p>\n\n\n\n<p>Goldhill, Simon. 2002. <em>Who needs Greek? Contests in the cultural history of Hellenism<\/em>. Cambridge: Cambridge University Press.<\/p>\n\n\n\n<p>Hall, Edith &amp; Wyles, Rosie, toim. 2008. <em>New directions in pantomime<\/em>. Oxford: Oxford University Press.<\/p>\n\n\n\n<p>Herodotos. 1992. <em>Historiateos<\/em> <em>1\u20132<\/em>. K\u00e4\u00e4nt\u00e4nyt Edvard Rein. 3. painos. Porvoo, Helsinki, Juva: WSOY.<\/p>\n\n\n\n<p>Herodotos. 1964. <em>Historiateos 5\u20139<\/em>. K\u00e4\u00e4nt\u00e4nyt Edvard Rein. Porvoo, Helsinki: WSOY.<\/p>\n\n\n\n<p>Homeros. 1972. <em>Odysseia<\/em>. Suomentanut Pentti Saarikoski. Helsinki: Otava.<\/p>\n\n\n\n<p>Homeros. 1942. <em>Odysseia<\/em>. Suomentanut Otto Manninen. 2. painos. Porvoo: WSOY.<\/p>\n\n\n\n<p>Johnson, William A. 2016\u20132017. \u201dImperial Pantomime and Satoshi Miyagi\u2019s <em>Medea<\/em>.\u201d <em>Didaskalia<\/em> 13: 76\u201390.<\/p>\n\n\n\n<p>Jory, Edvard J. 2012. \u201dThe mask of Astyanax and the pantomime librettist.\u201d <em>Logeion<\/em> 2: 186\u2013199.<\/p>\n\n\n\n<p>Jory, John. 2008. \u201dThe Pantomime Dancer and his Libretto.\u201d Teoksessa <em>New directions in pantomime<\/em>, toim. Edith Hall &amp; Rosie Wyles, 157\u2013168. Oxford: Oxford University Press.<\/p>\n\n\n\n<p>Lada-Richards, Ismene. 2005. \u201d\u2019In the mirror of the dance\u2019: a Lucianic metaphor in its performative and ethical contexts.\u201d <em>Mnemosyne<\/em> 58(3): 335\u2013337.<\/p>\n\n\n\n<p>Lada-Richards, Ismene. 2006. \u201dBecoming mad on stage. Lucian on the perils of acting and spectating.\u201d <em>Bulletin of the Institute of Classical Studies<\/em> 49(1): 145\u2013164.<\/p>\n\n\n\n<p>Lewis, David. 2011. \u201dNear eastern slaves in classical Attica and the slave trade with Persian territories.\u201d <em>Classical Quarterly<\/em> 61(1): 91\u2013113.<\/p>\n\n\n\n<p>Malloy, Margaret. 1996. <em>Libanius and the dancers<\/em>. Altertumswissenschaftliche Texte und Studien 31. Hildesheim: Olms-Weidmann.<\/p>\n\n\n\n<p>Peponi, Anastasia-Erasmia. 2015. \u201dDance and Aesthetic Perception.\u201d Teoksessa <em>A Companion to Ancient Aesthetics<\/em>, toim. Pierre Destr\u00e9e &amp; Penelope Murray, 204\u2013217. Chichester: John Wiley &amp; Sons.<\/p>\n\n\n\n<p>Schlapbach, Karin. 2008. \u201dLucian\u2019s on dancing and the models for a discourse on pantomime.\u201d Teoksessa <em>New directions in pantomime<\/em>, toim. Edith Hall &amp; Rosie Wyles, 314\u2013337. Oxford: Oxford University Press.<\/p>\n\n\n\n<p>Schlapbach, Karin. 2018. <em>The anatomy of dance discourse<\/em>. Oxford: Oxford University Press.<\/p>\n\n\n\n<p>Valero T\u00e9var, M. \u00c1. 2013. \u201dThe late-antique villa at Noheda (Villar de Domingo Garc\u03afa) near Cuenca and its mosaics\u201d. <em>Journal of Roman Archaeology<\/em> 26: 307\u2013330.<\/p>\n\n\n\n<p>Vesterinen, Marjaana. 2003. \u201dReading Lucian\u2019s \u03a0\u03b5\u03c1\u1f76 \u1f40\u03c1\u03c7\u03ae\u03c3\u03b5\u03c9\u03c2: attitudes and approaches to pantomime.\u201d Teoksessa <em>Grapta Poikila I<\/em>. Papers and monographs of the Finnish institute at Athens VIII, toim. Leena Pietil\u00e4-Castr\u00e9n &amp; Marjaana Vesterinen, 35\u201351. Helsinki: Suomen Ateenan instituutin s\u00e4\u00e4ti\u00f6.<\/p>\n\n\n\n<p>Webb, Ruth. 2008a. <em>Demons and dancers: theatrical performance in late antiquity<\/em>. Cambridge, MA: Harvard University Press.<\/p>\n\n\n\n<p>Webb, Ruth. 2008b. \u201dInside the mask: pantomime from the performers\u2019 perspective.\u201d Teoksessa <em>New directions in pantomime<\/em>, toim. Edith Hall &amp; Rosie Wyles, 43\u201360. Oxford: Oxford University Press.<\/p>\n\n\n\n<p>Webb, Ruth. 2012. \u201dThe nature and representation of competition in pantomime and mime.\u201d Teoksessa <em>L\u2019organisation des spectacles dans le monde romain<\/em>. Entretiens sur l\u2019antiquit\u00e9 classique LVIII, toim. Kathleen Coleman &amp; Jocelyn Nelis-Cl\u00e9ment, 221\u2013372. Vand\u0153uvres \u2013 Gen\u00e8ve: Fondation hardt.<\/p>\n\n\n\n<h2 class=\"wp-block-heading\">Antiikin kirjalliset l\u00e4hteet, joihin t\u00e4ss\u00e4 teoksessa on viitattu<\/h2>\n\n\n\n<p>Apollonios Rodoslainen, <em>Argonautika<\/em><\/p>\n\n\n\n<p>Athenaios, <em>Deipnosofistai<\/em><\/p>\n\n\n\n<p>Demetrios, <em>Eloc<\/em>. = <em>De Elocutione<\/em> (alkup. kr. <em>Peri herm\u0113nei\u0101s<\/em>)<\/p>\n\n\n\n<p>Diogenes Laertios<\/p>\n\n\n\n<p>Filodemos, <em>Rhet<\/em>. = <em>Peri rh\u0113torik\u0113s<\/em><\/p>\n\n\n\n<p>Fronto, <em>De Orationibus<\/em><\/p>\n\n\n\n<p>Herodotos<\/p>\n\n\n\n<p>Hesiodos, <em>Jumalten synty <\/em>(<em>Theogonia<\/em>)<\/p>\n\n\n\n<p>Hesykhios<\/p>\n\n\n\n<p>Homeros, <em>Ilias<\/em><\/p>\n\n\n\n<p>Homeros<em>, Odysseia<\/em><\/p>\n\n\n\n<p>Isokrates, <em>Pan\u0113gyrikos<\/em><\/p>\n\n\n\n<p>Ksenofon, <em>Pidot<\/em> (<em>Symposion<\/em>)<\/p>\n\n\n\n<p>Libanios, <em>Or<\/em>. = <em>Oratio<\/em> 64.<\/p>\n\n\n\n<p>Lukianos,<em> Narrimainen kirjanker\u00e4ilij\u00e4 <\/em>(<em>Pros ton apaideuton kai polla biblia \u014dn\u016bmenon<\/em>)<\/p>\n\n\n\n<p>Lukianos<em>, Astrologiasta <\/em>(<em>Peri t\u0113s astrologi\u0101s<\/em>)<\/p>\n\n\n\n<p>Lukianos<em>, Kahdesti syytetty <\/em><em>(<\/em><em>Dis kat\u0113gor\u016bmenos<\/em>)<\/p>\n\n\n\n<p>Lukianos<em>, Menippos tai Nekyomanteia (Menippos \u0113 Nekyomanteia)<\/em><\/p>\n\n\n\n<p>Lukianos<em>, Meren jumalten dialogeja (Enalioi dialogoi):<\/em><\/p>\n\n\n\n<p>Pindaros<\/p>\n\n\n\n<p>Platon, <em>Gorgias<\/em><\/p>\n\n\n\n<p>Platon, <em>Lait<\/em> (<em>Nomoi<\/em>)<\/p>\n\n\n\n<p>Platon, <em>Valtio<\/em> (<em>Politeia<\/em>)<\/p>\n\n\n\n<p>Plutarkhos, <em>Pitopuheita<\/em> (<em>Moralia: Symposiaka)<\/em><\/p>\n\n\n\n<p>Polluks (lat. Pollux)<\/p>\n\n\n\n<p><em>SB<\/em> IV 7336 = Bilabel, F. toim. 1931.<em> Sammelbuch griechischer Urkunden aus Aegypten<\/em> IV. Heidelberg. <a href=\"https:\/\/archive.org\/details\/ldpd_6352579_000\/page\/n2\/mode\/2up\" target=\"_blank\" rel=\"noreferrer noopener\">https:\/\/archive.org\/details\/ldpd_6352579_000\/page\/n2\/mode\/2up<\/a><\/p>\n\n\n\n<p>Suda<\/p>\n\n\n\n<p>Thukydides, <em>Peloponnesolaissota<\/em><\/p>\n","protected":false},"excerpt":{"rendered":"<p>L\u00e4hdeluettelossa mainitaan antiikin kirjallisista l\u00e4hteist\u00e4 teostiedot ainoastaan niist\u00e4 teoksista, joissa olen siteerannut tietty\u00e4 suomennosta. Muut [&hellip;]<\/p>\n","protected":false},"author":2,"featured_media":0,"parent":0,"menu_order":0,"comment_status":"closed","ping_status":"closed","template":"","meta":{"_acf_changed":false,"footnotes":""},"class_list":["post-1432","page","type-page","status-publish","hentry"],"acf":[],"_links":{"self":[{"href":"https:\/\/kinesis.teak.fi\/lukianos\/wp-json\/wp\/v2\/pages\/1432","targetHints":{"allow":["GET"]}}],"collection":[{"href":"https:\/\/kinesis.teak.fi\/lukianos\/wp-json\/wp\/v2\/pages"}],"about":[{"href":"https:\/\/kinesis.teak.fi\/lukianos\/wp-json\/wp\/v2\/types\/page"}],"author":[{"embeddable":true,"href":"https:\/\/kinesis.teak.fi\/lukianos\/wp-json\/wp\/v2\/users\/2"}],"replies":[{"embeddable":true,"href":"https:\/\/kinesis.teak.fi\/lukianos\/wp-json\/wp\/v2\/comments?post=1432"}],"version-history":[{"count":1,"href":"https:\/\/kinesis.teak.fi\/lukianos\/wp-json\/wp\/v2\/pages\/1432\/revisions"}],"predecessor-version":[{"id":1433,"href":"https:\/\/kinesis.teak.fi\/lukianos\/wp-json\/wp\/v2\/pages\/1432\/revisions\/1433"}],"wp:attachment":[{"href":"https:\/\/kinesis.teak.fi\/lukianos\/wp-json\/wp\/v2\/media?parent=1432"}],"curies":[{"name":"wp","href":"https:\/\/api.w.org\/{rel}","templated":true}]}}