 {"id":1423,"date":"2021-02-10T13:50:22","date_gmt":"2021-02-10T11:50:22","guid":{"rendered":"https:\/\/kinesis.teak.fi\/lukianos\/?page_id=1423"},"modified":"2021-05-06T10:52:51","modified_gmt":"2021-05-06T07:52:51","slug":"etusivulle","status":"publish","type":"page","link":"https:\/\/kinesis.teak.fi\/lukianos\/etusivulle\/","title":{"rendered":"etusivulle"},"content":{"rendered":"<blockquote class=\"wp-block-quote is-layout-flow wp-block-quote-is-layout-flow\"><p>&rdquo;Olisitko valmis, yst&auml;v&auml;ni, hetkeksi luopumaan syytteist&auml;si ja kuuntelemaan, mit&auml; minulla on sanottavaa tanssista ja sen hyvist&auml; ominaisuuksista? Osoitan, ett&auml; se ei tarjoa katsojilleen ainoastaan huvia vaan my&ouml;s hy&ouml;ty&auml;. N&auml;yt&auml;n, kuinka paljon tanssi kasvattaa ja opettaa sek&auml; miten se muovaa katsojien sisint&auml; harjoittamalla sit&auml; mit&auml; kauniimpien n&auml;k&ouml;aistimusten ja viihdytt&auml;m&auml;ll&auml; mit&auml; parhaimpien kuuloaistimusten avulla sek&auml;&nbsp;<a class=\"glossaryLink cmtt_Kreikkalaisia sanoja ja termej&auml;, jotka liittyv&auml; tanssiin, musiikkiin ja teatteriin\" aria-describedby=\"tt\" data-cmtooltip=\"&lt;div class=glossaryItemTitle&gt;Epideiksis&lt;\/div&gt;&lt;div class=glossaryItemBody&gt;&amp;lt;!-- wp:paragraph --&amp;gt;&amp;lt;strong&amp;gt;&amp;lt;em&amp;gt;Epideiksis&amp;lt;\/em&amp;gt;&amp;lt;\/strong&amp;gt; &rsquo;esitys&rsquo;, &amp;lt;strong&amp;gt;&amp;lt;em&amp;gt;epideikn&#563;mi&amp;lt;\/em&amp;gt;&amp;lt;\/strong&amp;gt; &rsquo;n&auml;ytt&auml;&auml;, osoittaa, esitt&auml;&auml;&rsquo;. Ks. t&auml;m&auml;n teoksen johdannon luku &amp;lt;a href=&amp;quot;https:\/\/kinesis.teak.fi\/lukianos\/pantomiimitanssin-liikekieli#epideiksis&amp;quot;&amp;gt;Pantomiimitanssin liikekieli&amp;lt;\/a&amp;gt;.&amp;lt;br\/&amp;gt;&amp;lt;!-- \/wp:paragraph --&amp;gt;&lt;\/div&gt;&lt;div class=glossaryTooltipMoreLinkWrapper&gt;&lt;a class=glossaryTooltipMoreLink href=https:\/\/kinesis.teak.fi\/lukianos\/selitykset\/epideiksis\/ &gt;&amp;lt;i class=&amp;quot;fas fa-arrow-right&amp;quot;&amp;gt;&amp;lt;\/i&amp;gt;&lt;\/a&gt;&lt;\/div&gt;\" href=\"https:\/\/kinesis.teak.fi\/lukianos\/selitykset\/epideiksis\/\" data-mobile-support=\"0\" data-gt-translate-attributes='[{\"attribute\":\"data-cmtooltip\", \"format\":\"html\"}]' tabindex=\"0\" role=\"link\">osoittamalla<\/a>, miten kaunista on, kun mieli ja ruumis toimivat yhdess&auml;. Kaiken t&auml;m&auml;n tanssi tekee musiikin ja&nbsp;<a class=\"glossaryLink cmtt_Kreikkalaisia sanoja ja termej&auml;, jotka liittyv&auml; tanssiin, musiikkiin ja teatteriin\" aria-describedby=\"tt\" data-cmtooltip=\"&lt;div class=glossaryItemTitle&gt;Rhythmos&lt;\/div&gt;&lt;div class=glossaryItemBody&gt;&amp;lt;!-- wp:paragraph --&amp;gt;&amp;lt;strong&amp;gt;&amp;lt;em&amp;gt;Rhythmos&amp;lt;\/em&amp;gt;&amp;lt;\/strong&amp;gt; &rsquo;rytmi&rsquo;, &amp;lt;strong&amp;gt;&amp;lt;em&amp;gt;rhythmiz&#333;&amp;lt;\/em&amp;gt;&amp;lt;\/strong&amp;gt; &rsquo;harjoittaa, muotoilla, muodostaa, j&auml;rjest&auml;&auml;&rsquo;. &amp;lt;em&amp;gt;Rhythmos&amp;lt;\/em&amp;gt; viittaa s&auml;&auml;nn&ouml;lliseen, j&auml;rjestyksess&auml; olevaan asiaan. Ks. my&ouml;s &amp;lt;em&amp;gt;eurythmia&amp;lt;\/em&amp;gt;.&amp;lt;br\/&amp;gt;&amp;lt;!-- \/wp:paragraph --&amp;gt;&lt;\/div&gt;&lt;div class=glossaryTooltipMoreLinkWrapper&gt;&lt;a class=glossaryTooltipMoreLink href=https:\/\/kinesis.teak.fi\/lukianos\/selitykset\/rhythmos\/ &gt;&amp;lt;i class=&amp;quot;fas fa-arrow-right&amp;quot;&amp;gt;&amp;lt;\/i&amp;gt;&lt;\/a&gt;&lt;\/div&gt;\" href=\"https:\/\/kinesis.teak.fi\/lukianos\/selitykset\/rhythmos\/\" data-mobile-support=\"0\" data-gt-translate-attributes='[{\"attribute\":\"data-cmtooltip\", \"format\":\"html\"}]' tabindex=\"0\" role=\"link\">rytmin kanssa<\/a>&nbsp;yhdess&auml;, mik&auml; on pikemminkin ylistyksen kuin moitteen aihe.&rdquo; (Lukianos, Tanssista 6)<\/p><\/blockquote>\n\n\n\n<p>N&auml;in toteaa Lukianos <em>Tanssista<\/em>-teoksensa alkumetreill&auml;. H&auml;n kirjoitti t&auml;m&auml;n dialogin kehykseen puetun pantomiimitanssin puolustuspuheen 160-luvulla jKr. kreikaksi, aikansa sivistyneist&ouml;n kielell&auml;. Tanssin puolustajana on kirjailijan alter ego, Lykinos, ja vastustajana kyynikkofilosofi Kraton.<\/p>\n\n\n\n<p>Lukianoksen <em>Tanssista<\/em> on antiikista meille s&auml;ilynyt tanssia k&auml;sittelev&auml; kokonainen teksti, mik&auml; tekee siit&auml; &auml;&auml;rimm&auml;isen arvokkaan jo pelk&auml;st&auml;&auml;n aiheensa puolesta. Teos on my&ouml;s Lukianokselle tyypilliseen tapaan monitulkintainen, sosiaalihistoriallisesti mielenkiintoinen ja kielellisesti huoliteltu.<\/p>\n\n\n\n<p>Pantomiimi oli antiikin kreikkalaisen ja roomalaisen draaman jatkumoa. Siin&auml; miss&auml; muissa draamamuodoissa puheella oli t&auml;rke&auml; rooli, pantomiimiesityksen keski&ouml;ss&auml; oli soolotanssija, joka <a class=\"glossaryLink cmtt_Kreikkalaisia sanoja ja termej&auml;, jotka liittyv&auml; tanssiin, musiikkiin ja teatteriin\"  aria-describedby=\"tt\"  data-cmtooltip=\"&lt;div class=glossaryItemTitle&gt;Hypokrisis&lt;\/div&gt;&lt;div class=glossaryItemBody&gt;&amp;lt;!-- wp:paragraph --&amp;gt;&amp;lt;strong&amp;gt;&amp;lt;em&amp;gt;Hypokrisis&amp;lt;\/em&amp;gt;&amp;lt;\/strong&amp;gt; &rsquo;roolin omaksuminen, n&auml;ytteleminen&rsquo;, &amp;lt;strong&amp;gt;&amp;lt;em&amp;gt;hypokr&#299;nomai&amp;lt;\/em&amp;gt;&amp;lt;\/strong&amp;gt; &rsquo;n&auml;ytell&auml;, esitt&auml;&auml;&rsquo;. Sana liittyy vahvasti n&auml;ytt&auml;m&ouml;&ouml;n ja ulkoiseen esitt&auml;miseen. Retoriikassa &amp;lt;em&amp;gt;hypokrisis&amp;lt;\/em&amp;gt; viittasi niihin puhujiin, joiden ulosanti oli taitava. Toiset puhujat olivat taas taitavia kirjoittajia.&amp;lt;br\/&amp;gt;&amp;lt;!-- \/wp:paragraph --&amp;gt;&amp;lt;!-- wp:image {&amp;quot;id&amp;quot;:1358,&amp;quot;sizeSlug&amp;quot;:&amp;quot;large&amp;quot;} --&amp;gt;&amp;lt;figure class=&amp;quot;wp-block-image size-large&amp;quot;&amp;gt;&amp;lt;img src=&amp;quot;https:\/\/kinesis.teak.fi\/lukianos\/wp-content\/uploads\/2021\/01\/14-ancient-pantomime.jpg&amp;quot; alt=&amp;quot;&amp;quot; class=&amp;quot;wp-image-1358&amp;quot;\/&amp;gt;&amp;lt;figcaption&amp;gt;Pantomiimitanssija maskeineen.Marmorireliefi Trierist&auml;, 6. vs. jKr. &amp;lt;b&amp;gt;&amp;lt;a href=&amp;quot;http:\/\/www.smb-digital.de\/eMuseumPlus?service=ExternalInterface&amp;amp;module=collection&amp;amp;objectId=700162&amp;amp;viewType=detailView&amp;quot; target=&amp;quot;_blank&amp;quot; rel=&amp;quot;noreferrer noopener&amp;quot;&amp;gt;Staatliche Museen zu Berlin, no. TC 2947.&amp;lt;\/a&amp;gt;&amp;lt;\/b&amp;gt;&amp;lt;\/figcaption&amp;gt;&amp;lt;\/figure&amp;gt;&amp;lt;!-- \/wp:image --&amp;gt;&lt;\/div&gt;&lt;div class=glossaryTooltipMoreLinkWrapper&gt;&lt;a class=glossaryTooltipMoreLink href=https:\/\/kinesis.teak.fi\/lukianos\/selitykset\/hypokrisis\/ &gt;&amp;lt;i class=&amp;quot;fas fa-arrow-right&amp;quot;&amp;gt;&amp;lt;\/i&amp;gt;&lt;\/a&gt;&lt;\/div&gt;\"  href=\"https:\/\/kinesis.teak.fi\/lukianos\/selitykset\/hypokrisis\/\"  data-mobile-support=\"0\"  data-gt-translate-attributes='[{\"attribute\":\"data-cmtooltip\", \"format\":\"html\"}]' tabindex='0' role='link'>esitti<\/a> tarinan kaikki roolit puhumatta. Pantomiimi oli suosituin n&auml;ytt&auml;m&ouml;ll&auml; esitett&auml;v&auml; esitysmuoto viimeist&auml;&auml;n kristillisen ajanlaskun alusta alkaen satojen vuosien ajan. L&auml;nsimaisen teatterin historiassa antiikin pantomiimilla on merkitt&auml;v&auml; mutta yleisesti ottaen v&auml;h&auml;lle huomiolle j&auml;&auml;nyt asema.<\/p>\n\n\n\n<p>Antiikin j&auml;lkimaailma tuntee Lukianoksen tuotteliaana ja taitavana satiirikkona, jonka teoksia on suomennettu melko paljon. Nyt Lukianoksen <em>Tanssista<\/em> on ensimm&auml;ist&auml; kertaa luettavissa suomeksi, suoraan kreikasta k&auml;&auml;nnettyn&auml; ja runsain selityksin varustettuna. Suomennoksen lis&auml;ksi <a class=\"glossaryLink cmtt_Kreikkalaisia sanoja ja termej&auml;, jotka liittyv&auml; tanssiin, musiikkiin ja teatteriin\" aria-describedby=\"tt\" data-cmtooltip=\"&lt;div class=glossaryItemTitle&gt;Dr&#257;ma&lt;\/div&gt;&lt;div class=glossaryItemBody&gt;&amp;lt;!-- wp:paragraph --&amp;gt;&amp;lt;strong&amp;gt;&amp;lt;em&amp;gt;Dr&#257;ma&amp;lt;\/em&amp;gt;&amp;lt;\/strong&amp;gt; &rsquo;se mit&auml; tehd&auml;&auml;n, teos&rsquo;; n&auml;ytt&auml;m&ouml;ll&auml; n&auml;ytelm&auml; tai tanssiteos.&amp;lt;br\/&amp;gt;&amp;lt;!-- \/wp:paragraph --&amp;gt;&lt;\/div&gt;&lt;div class=glossaryTooltipMoreLinkWrapper&gt;&lt;a class=glossaryTooltipMoreLink href=https:\/\/kinesis.teak.fi\/lukianos\/selitykset\/drama\/ &gt;&amp;lt;i class=&amp;quot;fas fa-arrow-right&amp;quot;&amp;gt;&amp;lt;\/i&amp;gt;&lt;\/a&gt;&lt;\/div&gt;\" href=\"https:\/\/kinesis.teak.fi\/lukianos\/selitykset\/drama\/\" data-mobile-support=\"0\" data-gt-translate-attributes='[{\"attribute\":\"data-cmtooltip\", \"format\":\"html\"}]' tabindex=\"0\" role=\"link\">teoksessa<\/a> on perustietoa antiikin pantomiimitanssista, tanssiin liittyv&auml;st&auml; kreikankielisest&auml; terminologiasta ja tanssijan ammattitaidosta. Se muistuttaa tanssin keskeisest&auml; asemasta antiikin kreikkalaisessa ja roomalaisessa kulttuurissa.<\/p>","protected":false},"excerpt":{"rendered":"<p>\u201dOlisitko valmis, yst\u00e4v\u00e4ni, hetkeksi luopumaan syytteist\u00e4si ja kuuntelemaan, mit\u00e4 minulla on sanottavaa tanssista ja sen [&hellip;]<\/p>\n","protected":false},"author":2,"featured_media":0,"parent":0,"menu_order":0,"comment_status":"closed","ping_status":"closed","template":"","meta":{"_acf_changed":false,"footnotes":""},"class_list":["post-1423","page","type-page","status-publish","hentry"],"acf":[],"_links":{"self":[{"href":"https:\/\/kinesis.teak.fi\/lukianos\/wp-json\/wp\/v2\/pages\/1423","targetHints":{"allow":["GET"]}}],"collection":[{"href":"https:\/\/kinesis.teak.fi\/lukianos\/wp-json\/wp\/v2\/pages"}],"about":[{"href":"https:\/\/kinesis.teak.fi\/lukianos\/wp-json\/wp\/v2\/types\/page"}],"author":[{"embeddable":true,"href":"https:\/\/kinesis.teak.fi\/lukianos\/wp-json\/wp\/v2\/users\/2"}],"replies":[{"embeddable":true,"href":"https:\/\/kinesis.teak.fi\/lukianos\/wp-json\/wp\/v2\/comments?post=1423"}],"version-history":[{"count":6,"href":"https:\/\/kinesis.teak.fi\/lukianos\/wp-json\/wp\/v2\/pages\/1423\/revisions"}],"predecessor-version":[{"id":1451,"href":"https:\/\/kinesis.teak.fi\/lukianos\/wp-json\/wp\/v2\/pages\/1423\/revisions\/1451"}],"wp:attachment":[{"href":"https:\/\/kinesis.teak.fi\/lukianos\/wp-json\/wp\/v2\/media?parent=1423"}],"curies":[{"name":"wp","href":"https:\/\/api.w.org\/{rel}","templated":true}]}}