{"id":358,"date":"2017-01-13T17:26:39","date_gmt":"2017-01-13T15:26:39","guid":{"rendered":"http:\/\/nivel.teak.fi\/kinesis\/?page_id=358"},"modified":"2017-01-16T18:41:56","modified_gmt":"2017-01-16T16:41:56","slug":"ismo-pekka-heikinheimo","status":"publish","type":"page","link":"https:\/\/kinesis.teak.fi\/heikinheimo\/ismo-pekka-heikinheimo\/","title":{"rendered":"Ismo-Pekka Heikinheimo"},"content":{"rendered":"<h1>Ismo-Pekka Heikinheimo<\/h1>\n<p>Ismo-Pekka Heikinheimo on pitk&auml;n linjan tanssitaiteilija, joka on tehnyt mm. kolme tilausteosta Helsingin juhlaviikoille, koreografioita ulkomaisille ja kotimaisille tanssiryhmille sek&auml; kiert&auml;nyt esiintym&auml;ss&auml; ymp&auml;ri maailmaa Namibiasta Islantiin, viidess&auml;toista eri maassa ja lukuisilla festivaaleilla. H&auml;net tunnetaan taiteellisesta rohkeudesta ja harkitusta visuaalisuudesta. H&auml;n yhdist&auml;&auml; koreografiaa muihin taiteenlajeihin, kuten kuvataiteeseen, arkkitehtuuriin ja performanssiin. H&auml;nelle tanssi ja koreografia on tapa olla maailmassa.<\/p>\n<p>Heikinheimo on esiintynyt tunnettujen kansainv&auml;listen koreografien teoksissa, koreografeina mm. Carolyn Carlson, Andrew Degroat, Sylvie Guillermin, Kilina Kremona, Didier Deschamps, Lea Anderson, Jessica Iwanson, Nanna Nilsson, Christine Meldahl ja &Oacute;l&ouml;f Ing&oacute;fsd&oacute;ttir.<\/p>\n<p>H&auml;n on tanssinut sek&auml; suomalaisissa freelancekent&auml;n teoksissa ett&auml; teatteri- ja tanssiteatteriryhmiss&auml;, mm. Helsingin kaupunginteatterissa, Svenska Teaternissa, Aurinkobaletissa, Tanssiteatteri Hurjaruuthissa ja Tanssiteatteri Raatikossa. Koreografeina olivat mm. Tiina Br&auml;nnare, Ulla Koivisto, Soile Lahdenper&auml;, Riitta Pasanen-Willberg, Arja Pettersson, Liisa Priha, Anneli Rautiainen, Tarja Rinne, Salla Saarikangas, Mirja Tukiainen, Jorma Uotinen ja Raisa Vennamo.<\/p>\n<p>Heikinheimo valmistui tanssija-koreografiksi London Contemporary Dance Schoolista vuonna 1989. Yhteis&ouml;tanssin monimuotokoulutuksen h&auml;n suoritti vuonna 2006. Syksyll&auml; 2014 h&auml;n valmistui taiteen maisteriksi Visuaalisen kulttuurin maisteriohjelmasta Aalto-yliopistosta. Vuonna 2015 h&auml;n teki kuratointiin liittyvi&auml; opintoja Tukholman taideyliopistossa.<\/p>\n<p>Vuosina 1996&ndash;2001 Heikinheimo toimi tanssijanty&ouml;n lehtorina Teatterikorkeakoulun tanssitaiteen laitoksella, vuosina 2005&ndash;2010 Keski-Suomen tanssitaiteen l&auml;&auml;nintaiteilijana ja perustamansa Tanssin Aika -festivaalin taiteellisena johtajana. Vuodesta 2003 l&auml;htien h&auml;n on toiminut Ismo Dance Companyn koreografina ja taiteellisena johtajana.<\/p>","protected":false},"excerpt":{"rendered":"<p>Ismo-Pekka Heikinheimo Ismo-Pekka Heikinheimo on pitk\u00e4n linjan tanssitaiteilija, joka on tehnyt mm. kolme tilausteosta Helsingin juhlaviikoille, koreografioita ulkomaisille ja kotimaisille tanssiryhmille sek\u00e4 kiert\u00e4nyt esiintym\u00e4ss\u00e4 ymp\u00e4ri maailmaa Namibiasta Islantiin, viidess\u00e4toista eri maassa ja lukuisilla festivaaleilla. H\u00e4net tunnetaan taiteellisesta rohkeudesta ja harkitusta visuaalisuudesta. H\u00e4n yhdist\u00e4\u00e4 koreografiaa muihin taiteenlajeihin, kuten kuvataiteeseen, arkkitehtuuriin ja performanssiin. H\u00e4nelle tanssi ja koreografia [&#8230;]<\/p>\n","protected":false},"author":1,"featured_media":0,"parent":0,"menu_order":0,"comment_status":"closed","ping_status":"closed","template":"","meta":[],"_links":{"self":[{"href":"https:\/\/kinesis.teak.fi\/heikinheimo\/wp-json\/wp\/v2\/pages\/358"}],"collection":[{"href":"https:\/\/kinesis.teak.fi\/heikinheimo\/wp-json\/wp\/v2\/pages"}],"about":[{"href":"https:\/\/kinesis.teak.fi\/heikinheimo\/wp-json\/wp\/v2\/types\/page"}],"author":[{"embeddable":true,"href":"https:\/\/kinesis.teak.fi\/heikinheimo\/wp-json\/wp\/v2\/users\/1"}],"replies":[{"embeddable":true,"href":"https:\/\/kinesis.teak.fi\/heikinheimo\/wp-json\/wp\/v2\/comments?post=358"}],"version-history":[{"count":5,"href":"https:\/\/kinesis.teak.fi\/heikinheimo\/wp-json\/wp\/v2\/pages\/358\/revisions"}],"predecessor-version":[{"id":381,"href":"https:\/\/kinesis.teak.fi\/heikinheimo\/wp-json\/wp\/v2\/pages\/358\/revisions\/381"}],"wp:attachment":[{"href":"https:\/\/kinesis.teak.fi\/heikinheimo\/wp-json\/wp\/v2\/media?parent=358"}],"curies":[{"name":"wp","href":"https:\/\/api.w.org\/{rel}","templated":true}]}}