{"id":224,"date":"2016-12-21T12:21:02","date_gmt":"2016-12-21T10:21:02","guid":{"rendered":"http:\/\/nivel.teak.fi\/kinesis\/?page_id=224"},"modified":"2017-02-03T14:51:04","modified_gmt":"2017-02-03T12:51:04","slug":"taideteossidonnaista-koreografiaa-museokontekstissa-ismo-pekka-heikinheimo","status":"publish","type":"page","link":"https:\/\/kinesis.teak.fi\/heikinheimo\/","title":{"rendered":"Taideteossidonnaista koreografiaa museokontekstissa <em>Ismo-Pekka Heikinheimo<\/em>"},"content":{"rendered":"<h2>Julkaisun esittely<\/h2>\n<p>Taideteossidonnaista koreografiaa museokontekstissa on koreografi Ismo-Pekka Heikinheimon ansiokas puheenvuoro taiteiden v&auml;lisyyden diskurssiin. H&auml;n luo t&auml;ss&auml; kirjassa uuden taideteossidonnaisuuden k&auml;sitteen kuvaamaan museokontekstissa tapahtuvaa koreografista ty&ouml;t&auml;&auml;n, jossa tanssi kohtaa tilan arkkitehtuurin ja tilaan sijoitetun kuvataiteen. Heikinheimon ty&ouml;skentelyn tavoitteena on intermediaalisuuden avulla luoda katsojalle visuaalisia ja kinesteettisi&auml; esityksi&auml;. T&auml;ss&auml; kirjassa h&auml;n kuvaa ty&ouml;t&auml;&auml;n ja sen rakentumista koreografin ty&ouml;n n&auml;k&ouml;kulmasta.<\/p>\n<p>Taideteossidonnaiset teokset puhuttelevat katsojaa uusilla tavoilla, avaten uusia mahdollisuuksia herkistymiseen intermediaalisuudelle &mdash;&nbsp;teostapahtumassa taiteen kokijalle aukeavat sek&auml; tanssitaiteen ett&auml; kuvataiteen kohtaamisen muodot, mutta teosten lomittaisuus katsojan kokemuksessa mahdollistaa uuden hybriditeoksen syntymisen, tai eri painotuksin toimivia ristikk&auml;isi&auml;, uusia aistisuuksia ja niiden tulkintoja. N&auml;ihin vaikuttaa my&ouml;s katsojan ja teosten dynaaminen suhde museon arkkitehtuurissa.<\/p>\n<p>Suomalaiseen tanssidiskurssiin ja Kinesis-sarjaan t&auml;m&auml; kirja tuo raikkaan lis&auml;n. Taidelajien v&auml;lisyys ja niiden perinteiset hierarkiset suhteet asettuvat t&auml;ss&auml; kirjoituksessa uudelleenvalotuksen kohteeksi. Heikinheimo kirjoittaa selke&auml;sti ja johdattaa meid&auml;t havainnollisesti l&auml;pi ty&ouml;ns&auml; k&auml;sitteellisten ja k&auml;yt&auml;nn&ouml;llisten vaiheiden jakaen anteliaasti ty&ouml;tapojaan ja -v&auml;lineit&auml;&auml;n tulevien taiteellisten prosessien k&auml;ytt&ouml;&ouml;n. T&auml;m&auml; teos antaa v&auml;lineit&auml; ymm&auml;rt&auml;&auml; taidelajien kohtaamisten potentiaalia ja sit&auml; merkitysten kerroksellisuutta, mit&auml; n&auml;iss&auml; kohtaamisissa voi synty&auml;. Ismo-Pekka Heikinheimo ja&nbsp;ty&ouml;ryhm&auml; ovat my&ouml;s&nbsp;ansiokkaasti kehitt&auml;neet t&auml;m&auml;n verkkojulkaisualustan visuaalisuutta ja k&auml;ytett&auml;vyytt&auml;.<\/p>\n<h5>Ari Tenhula, tanssitaiteen professori<\/h5>","protected":false},"excerpt":{"rendered":"<p>Julkaisun esittely Taideteossidonnaista koreografiaa museokontekstissa on koreografi Ismo-Pekka Heikinheimon ansiokas puheenvuoro taiteiden v\u00e4lisyyden diskurssiin. H\u00e4n luo t\u00e4ss\u00e4 kirjassa uuden taideteossidonnaisuuden k\u00e4sitteen kuvaamaan museokontekstissa tapahtuvaa koreografista ty\u00f6t\u00e4\u00e4n, jossa tanssi kohtaa tilan arkkitehtuurin ja tilaan sijoitetun kuvataiteen. Heikinheimon ty\u00f6skentelyn tavoitteena on intermediaalisuuden avulla luoda katsojalle visuaalisia ja kinesteettisi\u00e4 esityksi\u00e4. T\u00e4ss\u00e4 kirjassa h\u00e4n kuvaa ty\u00f6t\u00e4\u00e4n ja sen rakentumista [&#8230;]<\/p>\n","protected":false},"author":1,"featured_media":0,"parent":0,"menu_order":0,"comment_status":"closed","ping_status":"closed","template":"","meta":[],"_links":{"self":[{"href":"https:\/\/kinesis.teak.fi\/heikinheimo\/wp-json\/wp\/v2\/pages\/224"}],"collection":[{"href":"https:\/\/kinesis.teak.fi\/heikinheimo\/wp-json\/wp\/v2\/pages"}],"about":[{"href":"https:\/\/kinesis.teak.fi\/heikinheimo\/wp-json\/wp\/v2\/types\/page"}],"author":[{"embeddable":true,"href":"https:\/\/kinesis.teak.fi\/heikinheimo\/wp-json\/wp\/v2\/users\/1"}],"replies":[{"embeddable":true,"href":"https:\/\/kinesis.teak.fi\/heikinheimo\/wp-json\/wp\/v2\/comments?post=224"}],"version-history":[{"count":9,"href":"https:\/\/kinesis.teak.fi\/heikinheimo\/wp-json\/wp\/v2\/pages\/224\/revisions"}],"predecessor-version":[{"id":519,"href":"https:\/\/kinesis.teak.fi\/heikinheimo\/wp-json\/wp\/v2\/pages\/224\/revisions\/519"}],"wp:attachment":[{"href":"https:\/\/kinesis.teak.fi\/heikinheimo\/wp-json\/wp\/v2\/media?parent=224"}],"curies":[{"name":"wp","href":"https:\/\/api.w.org\/{rel}","templated":true}]}}